{"id":137,"date":"2015-01-13T14:57:44","date_gmt":"2015-01-13T14:57:44","guid":{"rendered":"http:\/\/www.szolnokiiparipark.hu\/de\/?page_id=137"},"modified":"2015-01-13T14:57:44","modified_gmt":"2015-01-13T14:57:44","slug":"die-mission-der-gima","status":"publish","type":"page","link":"https:\/\/www.szolnokiiparipark.hu\/de\/die-mission-der-gima\/","title":{"rendered":"Die Mission der GIMA"},"content":{"rendered":"<p><strong>\u00dcber den herk\u00f6mmlichen Zielsetzungen eines Industrieentwicklers hinaus f\u00fchlt sich unser Unternehmen gegen\u00fcber der aus gesellschaftlichen Aspekten vorteilhaften nachhaltigen Entwicklung verpflichtet. Die Mission der GIMA wird in folgenden Stichworten erfasst:<\/strong><\/p>\n<ul>\n<li>Die Mission der Industriepark Szolnok GmbH ist die Erschaffung einer modernen Unternehmensumgebung, welche Wettbewerbs-, Betriebs- und Gesch\u00e4ftsvorteile f\u00fcr die im Park bereits angesiedelten und zuk\u00fcnftig anzusiedelnden Unternehmen anbietet.<\/li>\n<li>\u00dcbernahme der Rolle des Integrators, welche die Entwicklungsbed\u00fcrfnisse auf Grundlage der ausgebreiteten Kontakte sowie der Erfahrung von mehreren Dekaden der Fachkr\u00e4ften des Editors dienen.<\/li>\n<li>Tragen von gesellschaftlicher Verantwortung durch die Verbreitung und Anwendung von gr\u00fcnen und erneuerbaren Energieherstellungs- und Energiespeicherungstechnologien.<\/li>\n<li>Die F\u00f6rderung von effektiven Technologien (blaue Wirtschaft) mit einem Minimum an CO2-Auslass.<\/li>\n<li>Neben dem Industriepark die Errichtung eines Technologie und eines Gr\u00fcnen Industrieparks<\/li>\n<\/ul>\n<p>&nbsp;<\/p>\n<p>Im Einklang mit der Mission der GIMA Szolnoki Ipari Park Kft. wurde 2013 beschlossen, unentgeltliche Webportale zu sechs Themenbereichen in Form von Blogs einzurichten. Die Portale bezwecken die unentgeltliche Bereitstellung von f\u00fcr Unternehmen und Privatpersonen n\u00fctzlichen Informationen zum jeweiligen Themenbereich in Form von Fallstudien, Fachartikeln, Gesch\u00e4ftsangeboten und Ausschreibungsmonitoring. Auf den Seiten aktualisieren wir die von uns f\u00fcr hilfreich gehaltenen Informationen mit monatlicher Frequenz.<br \/>\nDie Portale sind hier zu erreichen:<\/p>\n<ul>\n<li><a href=\"http:\/\/kekgazdasagblog.hu\/en\">BlueEconomyBlog<\/a><\/li>\n<li><a href=\"http:\/\/zoldenergiablog.hu\/en\">Gr\u00fcneEnergieBlog<\/a><\/li>\n<li><a href=\"http:\/\/vallalkozasfejlesztesblog.hu\/en\">Gesch\u00e4fts Entwicklung<\/a><\/li>\n<li><a href=\"http:\/\/felhoszolgaltatasblog.hu\/en\">CloudServiceBlog<\/a><\/li>\n<li><a href=\"http:\/\/b2b-blog.hu\/en\">B2BBlog<\/a><\/li>\n<li><a href=\"http:\/\/ipariparkblog.hu\/en\">IndustrieParkBlog<\/a><\/li>\n<\/ul>\n","protected":false},"excerpt":{"rendered":"<p>\u00dcber den herk\u00f6mmlichen Zielsetzungen eines Industrieentwicklers hinaus f\u00fchlt sich unser Unternehmen gegen\u00fcber der aus gesellschaftlichen Aspekten vorteilhaften nachhaltigen Entwicklung verpflichtet. Die Mission der GIMA wird in folgenden Stichworten erfasst: Die Mission der Industriepark Szolnok GmbH ist die Erschaffung einer modernen Unternehmensumgebung, welche Wettbewerbs-, Betriebs- und Gesch\u00e4ftsvorteile f\u00fcr die im Park bereits angesiedelten und zuk\u00fcnftig anzusiedelnden [&hellip;]<\/p>\n","protected":false},"author":1,"featured_media":0,"parent":0,"menu_order":0,"comment_status":"open","ping_status":"open","template":"galeria_de.php","meta":{"ngg_post_thumbnail":0,"footnotes":""},"class_list":["post-137","page","type-page","status-publish","hentry"],"_links":{"self":[{"href":"https:\/\/www.szolnokiiparipark.hu\/de\/wp-json\/wp\/v2\/pages\/137","targetHints":{"allow":["GET"]}}],"collection":[{"href":"https:\/\/www.szolnokiiparipark.hu\/de\/wp-json\/wp\/v2\/pages"}],"about":[{"href":"https:\/\/www.szolnokiiparipark.hu\/de\/wp-json\/wp\/v2\/types\/page"}],"author":[{"embeddable":true,"href":"https:\/\/www.szolnokiiparipark.hu\/de\/wp-json\/wp\/v2\/users\/1"}],"replies":[{"embeddable":true,"href":"https:\/\/www.szolnokiiparipark.hu\/de\/wp-json\/wp\/v2\/comments?post=137"}],"version-history":[{"count":1,"href":"https:\/\/www.szolnokiiparipark.hu\/de\/wp-json\/wp\/v2\/pages\/137\/revisions"}],"predecessor-version":[{"id":138,"href":"https:\/\/www.szolnokiiparipark.hu\/de\/wp-json\/wp\/v2\/pages\/137\/revisions\/138"}],"wp:attachment":[{"href":"https:\/\/www.szolnokiiparipark.hu\/de\/wp-json\/wp\/v2\/media?parent=137"}],"curies":[{"name":"wp","href":"https:\/\/api.w.org\/{rel}","templated":true}]}}