{"id":32,"date":"2014-11-25T14:24:56","date_gmt":"2014-11-25T14:24:56","guid":{"rendered":"http:\/\/www.szolnokiiparipark.hu\/de\/?page_id=32"},"modified":"2015-01-12T13:14:19","modified_gmt":"2015-01-12T13:14:19","slug":"dienstleistungen","status":"publish","type":"page","link":"https:\/\/www.szolnokiiparipark.hu\/de\/dienstleistungen\/","title":{"rendered":"Dienstleistungen"},"content":{"rendered":"<div id=\"elott\" style=\"display: none;\">\n<h2>Vor der Ansiedlung<\/h2>\n<ul  style=\"list-style-image: url('http:\/\/szolnokiiparipark.hu\/wp-content\/themes\/twentythirteen\/img\/aloldalak\/pipa.png');\">\n<li>Rechtsberatung: Unternehmensgr\u00fcndung, Firmenregistrierung<\/li>\n<li>Unterst\u00fctzung bei der technischen Vorbereitung in den Bereichen Planung, Bau, Infrastrukturversorgung, Spedition, etc.<\/li>\n<li>Information, Vorbereitung von Bewerbungen f\u00fcr staatliche und regionale F\u00f6rderungen<\/li>\n<li>Schl\u00fcsselfertige Errichtung von Geb\u00e4uden bei Bedarf<\/li>\n<li>Organisation von Finanzierung, Leasing, Miete, mittelfristigen Krediten<\/li>\n<li>Kontaktvermittlung zu lokalen Beh\u00f6rden und Firmen<\/li>\n<li>Hilfestellung bei \u00dcbersiedlung von ausl\u00e4ndischen Mitarbeitern (Wohnung, Schule, etc.)<\/li>\n<\/ul>\n<hr \/>\n<\/div>\n<div id=\"utan\" style=\"display: none;\">\n<h2><a name=\"utan\"><\/a>Nach der Ansiedlung<\/h2>\n<ul  style=\"list-style-image: url('http:\/\/szolnokiiparipark.hu\/wp-content\/themes\/twentythirteen\/img\/aloldalak\/pipa.png');\">\n<li>Verbindliche non-profitable Dienstleistungen des Parkes\n<ul>\n<li>Aufrechterhaltung des Stra\u00dfennetzes: Reinigung, Schneer\u00e4umung, Streuung gegen Vereisung, Beschilderung und Erneuerung von Bodenmarkierungen.<\/li>\n<li>Aufrechterhaltung und Reinigung von Gehsteigen, Bushaltestellen, Anhaltestreifen<\/li>\n<li>Betrieb und Instandhaltung der \u00f6ffentlichen Beleuchtung<\/li>\n<li>Betrieb und Instandhaltung des infrastrukturellen Netzes<\/li>\n<li>Gr\u00fcnfl\u00e4chenpflege<\/li>\n<\/ul>\n<\/li>\n<\/ul>\n<p>Das Ma\u00df der Zubu\u00dfe zu den Dienstleistungspreise muss getrennt kontrahiert werden, welches von der Gr\u00f6\u00dfe des Grundst\u00fcckes, dem Personen- und G\u00fcteverkehr abh\u00e4ngt.<\/p>\n<ul  style=\"list-style-image: url('http:\/\/szolnokiiparipark.hu\/wp-content\/themes\/twentythirteen\/img\/aloldalak\/pipa.png');\">\n<li>Unverbindliche Dienstleistungen vor Ort bei Bedarf\n<ul>\n<li>Aufrechterhaltung des Stra\u00dfennetzes: Reinigung, Schneer\u00e4umung, Streuung gegen Vereisung, Beschilderung und Erneuerung von Bodenmarkierungen.<\/li>\n<li>Gr\u00fcnfl\u00e4chenpflege<\/li>\n<li>Betrieb und Instandhaltung der \u00f6ffentlichen Beleuchtung<\/li>\n<li>Kommunale M\u00fcllabfuhr<\/li>\n<li>Aufrechterhaltung und Reinigung der Entw\u00e4sserungsanlagen<\/li>\n<li>Objektschutz<\/li>\n<li>Geb\u00e4udereinigung<\/li>\n<li>Hoteldienstleistungen<\/li>\n<li>Restaurant (bei Bedarf auch Catering)<\/li>\n<li>Immobilienvermietung und \u2013Betrieb<\/li>\n<li>Autovermietung<\/li>\n<li>Verm\u00f6gensverwaltung<\/li>\n<li>Werbung<\/li>\n<li>Arbeitskraft- Vermittlung<\/li>\n<li>Quellenaufsp\u00fcrung, Projektfinanzierung<\/li>\n<li>Postdienstleistungen<\/li>\n<li>Busverkehr<\/li>\n<li>Anbindung zum Logistikzentrum<\/li>\n<li>Personen- und Lastbef\u00f6rderung<\/li>\n<li>Hilfst\u00e4tigkeit beim Erdtransport<\/li>\n<li>G\u00fcterbehandlung<\/li>\n<li>Speicherung, Lagerung<\/li>\n<\/ul>\n<\/li>\n<\/ul>\n<\/div>\n<div id=\"orzes\" style=\"display: none;\">\n<a name=\"orzes\"><\/a><\/p>\n<div><a href=\"http:\/\/www.szolnokiiparipark.hu\/old\/de\/szolgaltatasok.php#top\"><img decoding=\"async\" title=\"Ugr\u00e1s az oldal tetej\u00e9re\" src=\"http:\/\/www.szolnokiiparipark.hu\/old\/de\/images\/felnyil.gif\" alt=\"\" border=\"0\" \/><\/a><\/div>\n<h3>Bewachung, Objektschutz<br \/>\n(mit Kamera-Beobachter, der ins Zentrum im Park angeschlossen ist)<\/h3>\n<\/div>\n<div id=\"posta\" style=\"display: none;\">\n<a name=\"posta\"><\/a><\/p>\n<div><a href=\"http:\/\/www.szolnokiiparipark.hu\/old\/de\/szolgaltatasok.php#top\"><img decoding=\"async\" title=\"Ugr\u00e1s az oldal tetej\u00e9re\" src=\"http:\/\/www.szolnokiiparipark.hu\/old\/de\/images\/felnyil.gif\" alt=\"\" border=\"0\" \/><\/a><\/div>\n<h3>Postdienstleistung<br \/>\nT\u00e4gliche Brief-\u00dcbermittlung zu der Post und von der Post<\/h3>\n<\/div>\n<div id=\"takaritas\" style=\"display: none;\">\n<a name=\"takaritas\"><\/a><\/p>\n<div><a href=\"http:\/\/www.szolnokiiparipark.hu\/old\/de\/szolgaltatasok.php#top\"><img decoding=\"async\" title=\"Ugr\u00e1s az oldal tetej\u00e9re\" src=\"http:\/\/www.szolnokiiparipark.hu\/old\/de\/images\/felnyil.gif\" alt=\"\" border=\"0\" \/><\/a><\/div>\n<h3>Reinigung<\/h3>\n<blockquote><p><strong>T\u00e4gliche Reinigung<\/strong><\/p>\n<ul  style=\"list-style-image: url('http:\/\/szolnokiiparipark.hu\/wp-content\/themes\/twentythirteen\/img\/aloldalak\/pipa.png');\">\n<li>Getrennte M\u00fcllsammlung, Reinhaltung der M\u00fclltonnen der B\u00fcros, K\u00fcchen und Toiletten<\/li>\n<li>Fingerabdruck-Entfernung von T\u00fcren und Fenstern<\/li>\n<li>Entstauben (Gesimse, Heizk\u00f6rpern, Tische, St\u00fchle)<\/li>\n<li>Entsauben der Blumen, bei Bedarf W\u00e4sserung<\/li>\n<li>Bei Bedarf Spinnennetz- Entfernung<\/li>\n<li>Kehren, Staubsaugen, Schrubben<\/li>\n<li>Schrubben der Gemeinschaftsr\u00e4ume (Flur, Treppe), Abw\u00e4schen der Reling<\/li>\n<li>T\u00e4gliche Desinfektion und Schrubben der Toiletten (Reinigung der Hahnen, Spiegeln und Fliesen)<\/li>\n<\/ul>\n<p><strong>Gro\u00dfreinemachen<\/strong><\/p>\n<ul  style=\"list-style-image: url('http:\/\/szolnokiiparipark.hu\/wp-content\/themes\/twentythirteen\/img\/aloldalak\/pipa.png');\">\n<li>Umfassendes Entsauben der vollst\u00e4ndigen Bodenfl\u00e4che, Reinigung mit Chemikalien<\/li>\n<li>Reinigung von Fenstern, T\u00fcren und Rahmen mit Chemikalien<\/li>\n<li>Waschen der Vorh\u00e4nge<\/li>\n<li>Entstauben der Armaturen und R\u00fchren<\/li>\n<li>Innere und \u00e4u\u00dfere Reinigung und Pflege der M\u00f6beln, Entstauben der Schr\u00e4nke<\/li>\n<li>Relings- und Heizk\u00f6rperreinigung<\/li>\n<li>Entstauben und Reinigung der Polsterm\u00f6beln<\/li>\n<li>Maschinelle Teppichreinigung<\/li>\n<li>Reinigung der Schalter und Steckdosen<\/li>\n<li>Reinigung der Blumenst\u00e4ndern<\/li>\n<\/ul>\n<\/blockquote>\n<p>Wir formen die Preise der Putzdienstleitung nach Bedarf der Besteller. Die bezeichneten Preise ver\u00e4ndern sich nach der Qualit\u00e4t der Schl\u00e4mmkreiden.\n<\/p><\/div>\n<div id=\"kerteszet\" style=\"display: none;\">\n<a name=\"kerteszet\"><\/a><\/p>\n<div><a href=\"http:\/\/www.szolnokiiparipark.hu\/old\/de\/szolgaltatasok.php#top\"><img decoding=\"async\" title=\"Ugr\u00e1s az oldal tetej\u00e9re\" src=\"http:\/\/www.szolnokiiparipark.hu\/old\/de\/images\/felnyil.gif\" alt=\"\" border=\"0\" \/><\/a><\/div>\n<h3>Gr\u00fcnfl\u00e4chenpflege<\/h3>\n<blockquote><p>Der Gartenbau wird nach Stundensatz verrechnet, und enth\u00e4lt das Instandhalten der B\u00e4ume und Alleen, Rasenm\u00e4hen, Schwende des Beifu\u00dfbl\u00e4ttrigen Traubenkrauts, Abfuhr des entstandenen Abfalls, periodische Pflanzenistanthaltung.<\/p>\n<p><strong>Grasfl\u00e4chenerrichtung<\/strong><\/p>\n<ul  style=\"list-style-image: url('http:\/\/szolnokiiparipark.hu\/wp-content\/themes\/twentythirteen\/img\/aloldalak\/pipa.png');\">\n<li>Manuelles S\u00e4en: stundens\u00e4tzige T\u00e4tigkeit+ Kernmisch nach Bedarf<\/li>\n<li>Hydros\u00e4en: verrechnet nach Quadradmeter, am basten empfohlen, v\u00f6llig belastbarer Rasen in 3 Wochen<\/li>\n<li>Grasteppich: schnellste und teuerste M\u00f6glichkeit<\/li>\n<li>Pflanzensiedlung: nach W\u00e4rmebild, vorheriger Einung und Bedarf<\/li>\n<\/ul>\n<\/blockquote>\n<h3><\/h3>\n<hr \/>\n<\/div>\n<div id=\"lerako\" style=\"display: none;\">\n<a id=\"lerako\" name=\"lerako\"><\/a><\/p>\n<div><a href=\"http:\/\/www.szolnokiiparipark.hu\/old\/de\/szolgaltatasok.php#top\"><img decoding=\"async\" title=\"Ugr\u00e1s az oldal tetej\u00e9re\" src=\"http:\/\/www.szolnokiiparipark.hu\/old\/de\/images\/felnyil.gif\" alt=\"\" border=\"0\" \/><\/a><\/div>\n<h2>Inertabfall- Kippe<\/h2>\n<blockquote><p><strong>Adresse: <\/strong>5000 Szolnok Aussengebiet, Parzellenzahl 091\/11.<br \/>\n<strong>Erreichbarkeit:<\/strong> von der Anliegerstra\u00dfe bei dem Standort von Vol\u00e1n und Huntraco<br \/>\n<strong>\u00d6ffnungszeit:<\/strong><\/p>\n<blockquote><p>Winterzeit: 7:00- 16:00 Werktags<br \/>\nSommerzeit: 6:30- 17:30 Werktags<\/p><\/blockquote>\n<p>Die niederlegbaren Stoffe:<\/p>\n<table border=\"0\" width=\"90%\" cellspacing=\"0\" cellpadding=\"4\">\n<tbody>\n<tr bgcolor=\"#B5CEE8\">\n<td><strong>EWC-Kode<\/strong><\/td>\n<td><strong>Bezeichnung<\/strong><\/td>\n<\/tr>\n<tr>\n<td>17 01 01<\/td>\n<td>Beton<\/td>\n<\/tr>\n<tr>\n<td>17 01 02<\/td>\n<td>Backstein<\/td>\n<\/tr>\n<tr>\n<td>17 01 03<\/td>\n<td>Scherbe und Keramiken<\/td>\n<\/tr>\n<tr>\n<td>17 05<\/td>\n<td>Erde (einschlie\u00dflich Altlasten), Steine und kontaminierter Schutt<\/td>\n<\/tr>\n<tr>\n<td>17 05 04<\/td>\n<td>Erde und Steine, die sich von 17 05 03 unterschieden<\/td>\n<\/tr>\n<\/tbody>\n<\/table>\n<p><strong>Die Kippe:<\/strong><\/p>\n<p>KTJ- Nummer: 101672730<br \/>\nK\u00dcJ- Nummer: 101815598<\/p>\n<p><strong>Die Ordnung des Niederlegens:<\/strong><\/p>\n<ul  style=\"list-style-image: url('http:\/\/szolnokiiparipark.hu\/wp-content\/themes\/twentythirteen\/img\/aloldalak\/pipa.png');\">\n<li>Die Abf\u00e4lle k\u00f6nnen von den folgenden Orten stammen: <strong>Abony, Besenysz\u00f6g, Szajol, Szolnok, T\u00f6r\u00f6kszentmikl\u00f3s, \u00dajsz\u00e1sz, Zagyvar\u00e9kas<\/strong><\/li>\n<li>Die Abf\u00e4lle k\u00f6nnen nach der Bezahlung der entsprechenden Geb\u00fcrhr abgelegt werden.<\/li>\n<li>Die abgelegten Abfallst\u00fccke k\u00f6nnen maximal 0,25&#215;0,25&#215;0,25 m gro\u00df sein.<\/li>\n<li>Die eingelieferte Abf\u00e4lle werden beim Container der Kippe gepr\u00fcft. Hier muss die &#8220;Einlieferer-\u00c4u\u00dferung&#8221; ausgef\u00fcllt werden, die enth\u00e4lt die Bezeichnung der eingelieferten Stoffe, die Angaben des Abfall-Eigent\u00fcmers und die \u00c4u\u00dferung von der Ad\u00e4quanz f\u00fcr Abfallcharakterisierung nach 20\/2006. KvVM Verordnung. Hier bekommen die Lieferanten die Annahme\u00e4u\u00dferung, die enth\u00e4lt unter anderen die Bezeichnung und Gewicht des eingelieferten Abfalles.<\/li>\n<li>Der in der Kippe runterkiptte Abfall wird gepr\u00fcft, und wenn er unerlaubte Komponente enth\u00e4lt, wird das Transportfahrzeug aus der Kippe verwiesen. In diesem Fall wird ein Protokoll ausgef\u00fcllt und dem Aufsichtsamt weiterleitet.<\/li>\n<li>Das Kennzeichen der in die Kippe eingelassenen Fahrzeuge , der abgelegte Stoff und die Stelle des Ablegens wird aufgeschrieben, um sp\u00e4ter diese Umst\u00e4nde pr\u00fcfen zu k\u00f6nnen.<\/li>\n<li>In der Kippes sind die Regeln der Stra\u00dfenverkehrsordnung einzuhalten.<\/li>\n<li>Die Ausgabe der &#8220;Aufnehmens\u00e4u\u00dferung kann in der B\u00fcro selbst oder nach telefonischer Einung erfordert werden.<\/li>\n<\/ul>\n<\/blockquote>\n<p>Weitere Informationen beim F\u00fchrer der Kippe:<\/p>\n<blockquote><p><strong>Gergely Csonka<\/strong><br \/>\n+3670\/639-1512<\/p><\/blockquote>\n<\/div>\n","protected":false},"excerpt":{"rendered":"<p>Vor der Ansiedlung Rechtsberatung: Unternehmensgr\u00fcndung, Firmenregistrierung Unterst\u00fctzung bei der technischen Vorbereitung in den Bereichen Planung, Bau, Infrastrukturversorgung, Spedition, etc. Information, Vorbereitung von Bewerbungen f\u00fcr staatliche und regionale F\u00f6rderungen Schl\u00fcsselfertige Errichtung von Geb\u00e4uden bei Bedarf Organisation von Finanzierung, Leasing, Miete, mittelfristigen Krediten Kontaktvermittlung zu lokalen Beh\u00f6rden und Firmen Hilfestellung bei \u00dcbersiedlung von ausl\u00e4ndischen Mitarbeitern (Wohnung, Schule, [&hellip;]<\/p>\n","protected":false},"author":1,"featured_media":0,"parent":0,"menu_order":0,"comment_status":"open","ping_status":"open","template":"szolgaltatas_de.php","meta":{"ngg_post_thumbnail":0,"footnotes":""},"class_list":["post-32","page","type-page","status-publish","hentry"],"_links":{"self":[{"href":"https:\/\/www.szolnokiiparipark.hu\/de\/wp-json\/wp\/v2\/pages\/32","targetHints":{"allow":["GET"]}}],"collection":[{"href":"https:\/\/www.szolnokiiparipark.hu\/de\/wp-json\/wp\/v2\/pages"}],"about":[{"href":"https:\/\/www.szolnokiiparipark.hu\/de\/wp-json\/wp\/v2\/types\/page"}],"author":[{"embeddable":true,"href":"https:\/\/www.szolnokiiparipark.hu\/de\/wp-json\/wp\/v2\/users\/1"}],"replies":[{"embeddable":true,"href":"https:\/\/www.szolnokiiparipark.hu\/de\/wp-json\/wp\/v2\/comments?post=32"}],"version-history":[{"count":16,"href":"https:\/\/www.szolnokiiparipark.hu\/de\/wp-json\/wp\/v2\/pages\/32\/revisions"}],"predecessor-version":[{"id":73,"href":"https:\/\/www.szolnokiiparipark.hu\/de\/wp-json\/wp\/v2\/pages\/32\/revisions\/73"}],"wp:attachment":[{"href":"https:\/\/www.szolnokiiparipark.hu\/de\/wp-json\/wp\/v2\/media?parent=32"}],"curies":[{"name":"wp","href":"https:\/\/api.w.org\/{rel}","templated":true}]}}