{"id":34,"date":"2014-11-25T14:25:15","date_gmt":"2014-11-25T14:25:15","guid":{"rendered":"http:\/\/www.szolnokiiparipark.hu\/de\/?page_id=34"},"modified":"2015-01-13T09:33:28","modified_gmt":"2015-01-13T09:33:28","slug":"ansiedelte-firmen","status":"publish","type":"page","link":"https:\/\/www.szolnokiiparipark.hu\/de\/ansiedelte-firmen\/","title":{"rendered":"Ansiedelte Firmen"},"content":{"rendered":"<h2>Angesiedelte Firmen<\/h2>\n<p>Antipode Kft.<br \/>\nASM Security Kft.<br \/>\nAxi\u00e1l Kft.<br \/>\nB+T Szuper-100 Kft.<br \/>\nBagi Kft.<br \/>\nB\u00e9res Gy\u00f3gyszergy\u00e1r Zrt.<br \/>\nBorovi Faipari Zrt.<br \/>\nCNB Tan\u00e1csad\u00f3-Vagyonkezel\u0151 Rt.<br \/>\n\u00c9der, Nagy, F\u00f6ldv\u00e1ri, Nagyn\u00e9<br \/>\nEminens 97 Pap\u00edrv\u00e1g\u00f3 Kft.<br \/>\nEreco Zrt.<br \/>\nErinvest Kft.<br \/>\nFortuna Trade 2000 Kft.<br \/>\nGeneral Service Kft.<br \/>\nGima Szolnok Ipari Park Kft.<br \/>\nGrafiti Press Kiad\u00f3 Kft.<br \/>\nHungarocoll Kft.<br \/>\nIron Horse Hungary Kft.<br \/>\nJ\u00e1szkun Vol\u00e1n Zrt.<br \/>\nKasuka \u00e9s Partnere Kft.<br \/>\nKincses Er\u0151d Kft.<br \/>\nL\u00e1ngi \u00c9p\u00edt\u0151ipari \u00e9s Szolg\u00e1ltat\u00f3 Kft.<br \/>\nMalagrow Kereskedelmi Kft.<br \/>\nM\u00e9ter 96 M\u00e9ly\u00e9p\u00edt\u0151 Tervez\u0151 \u00e9s Villamosh\u00e1l\u00f3zat Szerel\u0151 Kft.<br \/>\nNagy \u00e9s \u00c9der Kft.<br \/>\nNagygy\u00f6rgy Bosch Car Service<br \/>\nNest Ipar-Technika Kft.<br \/>\nNSJ 29 Kft.<br \/>\nPedrollo Hung\u00e1ria Kft.<br \/>\nPint\u00e9r Szolg\u00e1ltat\u00f3 KKT.<br \/>\nRemondis Szolnok Rt.<br \/>\nReve Kft.<br \/>\nSchwinn Csepel Zrt.<br \/>\nSeen Sigma Hungaria Kft.<br \/>\nSzab\u00f3 Wood Kft.<br \/>\nSzol Glass Nova Kft.<br \/>\nSzolnok-Helios Kft.<br \/>\nSzolnok Megyei Jog\u00fa V\u00e1ros \u00d6nkorm\u00e1nyzata<br \/>\nSzolnok S\u00fct\u0151ipari Zrt.<br \/>\nSzolnoki F\u0151iskola<br \/>\nT\u00f3nus Szolg\u00e1ltat\u00f3 \u00e9s Ipari Kft.<br \/>\nTool Produkt \u00e9s Partnere Kft.<br \/>\nUnimax-Hung\u00e1ria Zrt.<br \/>\nVasfa Kft.<br \/>\nWM-Karav\u00e1n Kft.<\/p>\n","protected":false},"excerpt":{"rendered":"<p>Angesiedelte Firmen Antipode Kft. ASM Security Kft. Axi\u00e1l Kft. B+T Szuper-100 Kft. Bagi Kft. B\u00e9res Gy\u00f3gyszergy\u00e1r Zrt. Borovi Faipari Zrt. CNB Tan\u00e1csad\u00f3-Vagyonkezel\u0151 Rt. \u00c9der, Nagy, F\u00f6ldv\u00e1ri, Nagyn\u00e9 Eminens 97 Pap\u00edrv\u00e1g\u00f3 Kft. Ereco Zrt. Erinvest Kft. Fortuna Trade 2000 Kft. General Service Kft. Gima Szolnok Ipari Park Kft. Grafiti Press Kiad\u00f3 Kft. Hungarocoll Kft. Iron Horse [&hellip;]<\/p>\n","protected":false},"author":1,"featured_media":0,"parent":0,"menu_order":0,"comment_status":"open","ping_status":"open","template":"betelepult_de.php","meta":{"ngg_post_thumbnail":0,"footnotes":""},"class_list":["post-34","page","type-page","status-publish","hentry"],"_links":{"self":[{"href":"https:\/\/www.szolnokiiparipark.hu\/de\/wp-json\/wp\/v2\/pages\/34","targetHints":{"allow":["GET"]}}],"collection":[{"href":"https:\/\/www.szolnokiiparipark.hu\/de\/wp-json\/wp\/v2\/pages"}],"about":[{"href":"https:\/\/www.szolnokiiparipark.hu\/de\/wp-json\/wp\/v2\/types\/page"}],"author":[{"embeddable":true,"href":"https:\/\/www.szolnokiiparipark.hu\/de\/wp-json\/wp\/v2\/users\/1"}],"replies":[{"embeddable":true,"href":"https:\/\/www.szolnokiiparipark.hu\/de\/wp-json\/wp\/v2\/comments?post=34"}],"version-history":[{"count":3,"href":"https:\/\/www.szolnokiiparipark.hu\/de\/wp-json\/wp\/v2\/pages\/34\/revisions"}],"predecessor-version":[{"id":91,"href":"https:\/\/www.szolnokiiparipark.hu\/de\/wp-json\/wp\/v2\/pages\/34\/revisions\/91"}],"wp:attachment":[{"href":"https:\/\/www.szolnokiiparipark.hu\/de\/wp-json\/wp\/v2\/media?parent=34"}],"curies":[{"name":"wp","href":"https:\/\/api.w.org\/{rel}","templated":true}]}}