{"id":93,"date":"2015-01-13T11:22:42","date_gmt":"2015-01-13T11:22:42","guid":{"rendered":"http:\/\/www.szolnokiiparipark.hu\/de\/?page_id=93"},"modified":"2015-01-13T14:19:49","modified_gmt":"2015-01-13T14:19:49","slug":"tender-developement","status":"publish","type":"page","link":"https:\/\/www.szolnokiiparipark.hu\/de\/tender-developement\/","title":{"rendered":"Ausschreibung Entwicklung"},"content":{"rendered":"<div id=\"harmadikutem\" style=\"display: none;\"><!--- \u00d6sszecsuk\u00e1s eleje--><br \/>\n<a id=\"hir4\" name=\"harmadikutem\"><\/a><\/p>\n<h2>Bautakt III \u00c9AOP1.1.1\/A-132013-0005 \u201eEntwicklungsprojekt Unternehmerhaus der Gima Szolnok Ipari Park Kft.\u201d<\/h2>\n<p class=\"MsoNormal\">Vorstellung des Projektes:<br \/>\nIm Rahmen des Projektes wurden zwei Unternehmerh\u00e4user errichtet und die entsprechenden Erschlie\u00dfungen verrichtet. Das geplante Unternehmerhaus 4 und Unternehmerhaus 5 werden f\u00fcr die sich hier zuk\u00fcnftig niederlassenden Produktions- oder Dienstleistungsunternehmen errichtet.<br \/>\n<span style=\"mso-spacerun: yes;\">\u00a0<\/span><\/p>\n<p class=\"MsoNormal\">Grundfl\u00e4chen:<br \/>\nGeplantes Unternehmerhaus 4:2.408,92 m2<br \/>\nGeplantes Unternehmerhaus 5.:2.166,6 m2<\/p>\n<p class=\"MsoNormal\">In den geplanten Geb\u00e4uden wird ein Hallenbereich mit einer lichten H\u00f6he von 6 m und ein zweist\u00f6ckiger Sozial- und B\u00fcroblock errichtet. Im Erdgeschoss wurden f\u00fcr die k\u00f6rperlichen Arbeiter nach Geschlecht getrennte Schwarz-Wei\u00df-Umkleide- und Sozialr\u00e4umlichkeiten und im Stockwerk B\u00fcros mit separaten Sozialr\u00e4umlichkeiten f\u00fcr die B\u00fcromitarbeiter errichtet.<\/p>\n<p>Die Halle wurde in zwei Einheiten geteilt, wobei der Durchgang zwischen den Geb\u00e4uden durch eine Schiebet\u00fcr gew\u00e4hrleistet wird. Die Zufahrt zu den beiden Einheiten erfolgt durch sektionierte Tore mit Vordach.<br \/>\nDie geplanten Geb\u00e4ude werden mit herk\u00f6mmlichen Geb\u00e4udestrukturen, moderner Geb\u00e4udetechnik, Geb\u00e4udeelektrik, Blitz-, L\u00e4rm- und Schwingschutz errichtet. Die geheizten und w\u00e4rmeged\u00e4mmten Konstruktionen der geplanten Geb\u00e4ude entsprechen den Bestimmungen der zurzeit geltenden Verordnung 7\/2006 TNM und den energetischen Vorschriften.<\/p>\n<p class=\"MsoNormal\">\u00a0Das konkrete Ziel der Firma Gima Szolnok Industrie- und Logistikpark, f\u00fcr das sie auch Investitionsf\u00f6rderung verrichtet, ist, dass ab 2016 Produktions- und Dienstleistungsunternehmen in die Unternehmerh\u00e4user einziehen k\u00f6nnen.<\/p>\n<p class=\"MsoNormal\">\u00a0Die Entwicklung dient den Zwecken der bereits angesiedelten und sich hier k\u00fcnftig niederlassenden Unternehmen. Sie ist f\u00fcr die hier einziehenden Firmen vorteilhaft, weil sie zu g\u00fcnstigen Bedingungen Standorte mieten und die hier ans\u00e4ssigen Unternehmen Kontakt mit den neuen Aufnehmen k\u00f6nnen. Ein h\u00f6herer Ansiedlungsgrad hat auch indirekte Vorteile (h\u00f6herer Umsatz, weitere Dienstleistungen, bessere Erschlie\u00dfung usw.)<\/p>\n<p class=\"MsoNormal\">\u00a0Wir hoffen, dass sich mindestens 5 Firmen in den Unternehmerh\u00e4usern niederlassen; die Nutzfl\u00e4che betr\u00e4gt 4575,52 Quadratmeter. Die ansiedelnden Firmen schaffen voraussichtlich 46 Arbeitspl\u00e4tze.<\/p>\n<p class=\"MsoNormal\"><b>Bautakt III \u00c9AOP1.1.1\/A-132013-0005 \u201eEntwicklungsprojekt Unternehmerhaus der Gima Szolnok Ipari Park Kft.\u201d <\/b><\/p>\n<p class=\"auto-style1\"><img loading=\"lazy\" decoding=\"async\" src=\"http:\/\/www.szolnokiiparipark.hu\/wp-content\/themes\/twentythirteen\/img\/szolnok\/Koos2_szerk.jpg\" alt=\"\" width=\"206\" height=\"274\" \/><\/p>\n<p class=\"MsoNormal\">F\u00fcr das Projekt \u00c9AOP1.1.1\/A-132013-0005 \u201eEntwicklungsprojekt Unternehmerhaus der Gima Szolnok Ipari Park Kft.\u201d wurden wieder F\u00f6rdermittel vergeben. Der F\u00f6rderungsvertrag wurde am 08. August 2013 in Debrecen am Sitz von \u00c9ARF\u00dc unterzeichnet. Entsprechend dem unterzeichneten F\u00f6rderungsvertrag belaufen sich die Gesamtkosten der Entwicklung auf 599.775.000,- HUF netto, von denen 50 % Eigenmittel und die anderen 50 %, d. h. 299.887.500,- HUF, nicht zur\u00fcckzuzahlenden F\u00f6rdermittel sind, die das Projekt aus dem Europ\u00e4ischen Regionalen Entwicklungsfonds und dem ungarischen Budget erh\u00e4lt.<\/p>\n<p class=\"auto-style1\">\n<p>&nbsp;<\/p>\n<hr \/>\n<\/div>\n<p><!--- \u00d6sszecsuk\u00e1s v\u00e9ge--><\/p>\n<div id=\"elsoutem\" style=\"display: none;\">\n<h2>Bautakt I \u00c9AOP-1.1.1\/A-2.K\u00d6R-2008-0004 \u201eEntwicklungsprojekt Infrastruktur, Unternehmerhaus der Gima Szolnok Ipari Park Kft.\u201d<\/h2>\n<p>Die Firma Gima Szolnok Ipari Park Kft. hat sich 2008 um F\u00f6rdermittel f\u00fcr das \u201eEntwicklungsprojekt Infrastruktur und Unternehmerhaus des Gima Szolnok Industrie- und Logistikparks\u201c beworben und F\u00f6rdermittel erhalten. Die Investition wurde auf dem Gebiet des Gima Szolnok Industrie- und Logistikparks umgesetzt. Der Gesamtwert des Projektes betrug 648,807,622,- HUF netto und wurde mit F\u00f6rderung durch die Europ\u00e4ische Union und der Mitfinanzierung durch den Europ\u00e4ischen Regionalen Entwicklungsfonds umgesetzt, die H\u00f6he der EU-F\u00f6rdermittel betr\u00e4gt 50 %.<br \/>\nIm ersten Bautakt der Investition wurde der voll erschlossenen Stra\u00dfenabschnitt der \u00dajsz\u00e1szi-Weg zwischen dem Nagys\u00e1ndor-J\u00f3zsef-Weg und der Bahnlinie Budapest-Szolnok, der gleichzeitig als Haupterschlie\u00dfungsstra\u00dfe des 40-Ha-Entwicklungsgel\u00e4ndes im Industriepark dient. Mit der Fertigstellung der Arbeiten wurde eine staatliche 10-Ha-Fl\u00e4che mit der Bezeichnung \u201eIndustriepark\u201c voll erschlossen. Im zweiten Bautakt der Investition wurden 2 Unternehmerh\u00e4user errichtet, die ungarischen KMU einen modernen Standort und ein ihre Weiterentwicklung f\u00f6rderndes Unternehmensumfeld bietet. Ihnen stehen entsprechend gro\u00dfe und anspruchsvolle Produktions- und Lagerr\u00e4ume sowie Sozialr\u00e4umlichkeiten und B\u00fcroblocks mit moderner Infrastruktur zur Verf\u00fcgung. Die beiden neuen Unternehmerh\u00e4user wurden auf eigenst\u00e4ndigen Standorten mit einer Fl\u00e4che von jeweils 5500 m2 mit einer Nutzfl\u00e4che von 1334 m2 bzw. 507 m2 errichtet. Die sich hier niederlassenden Firmen schaffen durch die Basis- und zus\u00e4tzliche Dienstleistungen rund f\u00fcnfzehn Arbeitspl\u00e4tze und sie geben auch den lokalen Unternehmern regelm\u00e4\u00dfig Arbeit.<\/p>\n<p><img loading=\"lazy\" decoding=\"async\" src=\"http:\/\/www.szolnokiiparipark.hu\/wp-content\/themes\/twentythirteen\/img\/szolnok\/palyazati_fejlesztesek.jpg\" alt=\"\" width=\"297\" height=\"172\" align=\"right\" \/><br \/>\nSzolnok, 2012.10.08.<\/p>\n<p>Gima Szolnok Ipari park Kft. (Gima Szolnok Industrial Park Ltd)<br \/>\nKo\u00f3s L\u00e1szl\u00f3<br \/>\nTel.: +36\/30\/955-2858<br \/>\ne-mail: <a href=\"mailto:laszlo.koos@t-email.hu\">laszlo.koos@t-email.hu<\/a><\/p>\n<\/div>\n<div id=\"masodikutem\" style=\"display: none;\"><!--- \u00d6sszecsuk\u00e1s eleje--><\/p>\n<h2><a id=\"hir5\" name=\"masodikutem\"><\/a><\/h2>\n<div style=\"float: right;\"><a href=\"#top\"><img decoding=\"async\" title=\"Jumpt to the top\" src=\"http:\/\/www.szolnokiiparipark.hu\/wp-content\/themes\/twentythirteen\/img\/szolnok\/felnyil.gif\" alt=\"\" border=\"0\" \/><\/a><\/div>\n<h2>Bautakt II \u00c9AOP-1.1.1\/AB-11-2012-0024 \u201eEntwicklungsprojekt Infrastruktur, IT-Servicehaus und Unternehmerhaus der Gima Szolnok Ipari Park Kft.\u201d<\/h2>\n<p>Wir haben eine weitere Bewerbung um F\u00f6rdermittel f\u00fcr das \u201eEntwicklungsprojekt Infrastruktur, IT-Servicehaus und Unternehmerhaus der Gima Szolnok Ipari Park Kft.\u201d eingereicht, durch die eine weitere Entwicklung umgesetzt werden kann.<\/p>\n<p>Ziel der Bewerbung:<\/p>\n<p>Die Gesamtinvestition wird auf dem Gebiet des Industrieparks umgesetzt und gilt nicht als eine Entwicklung auf einer Fl\u00e4che mit Industriebrache. Die beiden wichtigsten Elemente der Investition sind der Bau von Geb\u00e4uden und die grundlegende Infrastrukturentwicklung.<br \/>\nIm Rahmen der Basisinfrastrukturentwicklung wird ein neuer Stra\u00dfenabschnitt errichtet und die an der Stra\u00dfe liegenden Grundst\u00fccke werden erschlossen. Die Erschlie\u00dfung umfasst die Beleuchtung der Stra\u00dfe, den Ausbau des Gasnetzes, des Trinkwasser-, Niederschlagswasser- und Abwassernetzes, die Stromeinf\u00fchrung und den Ausbau des Telekommunikationsnetzes.<\/p>\n<p>Die Nutzfl\u00e4che des Unternehmerhauses betr\u00e4gt 1.048,06 Quadratmeter, die f\u00fcr ein oder mehrere Unternehmen geeignet sein k\u00f6nnte. Die Halle wurde entsprechend den Bed\u00fcrfnissen als in der Linie der Haupttr\u00e4ger teilbare Ger\u00fcstkonstruktion aus Metall mit Gipskartonverkleidung bis zur Decke errichtet. Im B\u00fcro- und Sozialbereich wurden gemeinsam benutzte Sozialblocks nach Geschlecht getrennt und im Stockwerk B\u00fcros und Verhandlungsr\u00e4umlichkeiten errichtet.<br \/>\nIm zu errichtenden IT-Servicehaus, dessen Nutzfl\u00e4che 668,64 Quadratmeter betr\u00e4gt, will der Mieter spezielle Datenpark-IT-Dienstleistungen (Server-Hosting, Breitstellung von Speicherkapazit\u00e4ten, virtuelle Servermiete) anbieten, die auf der zu installierenden EDV-Infrastruktur aufbauen. Das Ziel der Firma Gima Szolnok Ipari Park ist f\u00fcr 2015 also, dass sich eine moderne Bandbreiteninternetdienstleistungen erbringende Firma im IT-Servicehaus niederl\u00e4sst.<\/p>\n<p><img loading=\"lazy\" decoding=\"async\" src=\"http:\/\/www.szolnokiiparipark.hu\/wp-content\/themes\/twentythirteen\/img\/szolnok\/palyazati_fejlesztesek.jpg\" alt=\"\" width=\"297\" height=\"172\" align=\"right\" \/><a href=\"http:\/\/www.szolnokiiparipark.hu\/wp-content\/themes\/twentythirteen\/img\/szolnok\/Atnezeti_terkep.pdf\" target=\"_blank\">Tervezett<br \/>\nfelt\u00e1r\u00f3 \u00fat \u00e1tn\u00e9zeti rajza \u00bb<\/a><br \/>\n<a href=\"http:\/\/www.szolnokiiparipark.hu\/wp-content\/themes\/twentythirteen\/img\/szolnok\/Vallakozoi_h1(A3).pdf\" target=\"_blank\">V\u00e1llalkoz\u00f3 H\u00e1z 3<br \/>\nhelysz\u00ednrajza \u00bb<\/a><br \/>\n<a href=\"http:\/\/www.szolnokiiparipark.hu\/wp-content\/themes\/twentythirteen\/img\/szolnok\/IT_h2(A3).pdf\" target=\"_blank\">IT Szolg\u00e1ltat\u00f3h\u00e1z helysz\u00ednrajza \u00bb<\/a><\/p>\n<div style=\"clear: both;\"><\/div>\n<p>IT Service Center visualization:<\/p>\n<table border=\"0\" width=\"100%\" cellspacing=\"0\" cellpadding=\"10\">\n<tbody>\n<tr>\n<td align=\"center\" width=\"50%\"><a href=\"hir\/megvalosult2_5.jpg\" rel=\"lightbox[megvalosult2]\"><img decoding=\"async\" src=\"http:\/\/www.szolnokiiparipark.hu\/wp-content\/themes\/twentythirteen\/img\/szolnok\/megvalosult2_5k.jpg\" alt=\"\" border=\"0\" \/><\/a><\/td>\n<td align=\"center\"><a href=\"hir\/megvalosult2_4.jpg\" rel=\"lightbox[megvalosult2]\"><img decoding=\"async\" src=\"http:\/\/www.szolnokiiparipark.hu\/wp-content\/themes\/twentythirteen\/img\/szolnok\/megvalosult2_4k.jpg\" alt=\"\" border=\"0\" \/><\/a><\/td>\n<\/tr>\n<tr>\n<td align=\"center\"><a href=\"http:\/\/www.szolnokiiparipark.hu\/wp-content\/themes\/twentythirteen\/img\/szolnok\/megvalosult2_3.jpg\" rel=\"lightbox[megvalosult2]\"><img decoding=\"async\" src=\"http:\/\/www.szolnokiiparipark.hu\/wp-content\/themes\/twentythirteen\/img\/szolnok\/megvalosult2_3k.jpg\" alt=\"\" border=\"0\" \/><\/a><\/td>\n<td align=\"center\"><a href=\"http:\/\/www.szolnokiiparipark.hu\/wp-content\/themes\/twentythirteen\/img\/szolnok\/megvalosult2_1.jpg\" rel=\"lightbox[megvalosult2]\"><img decoding=\"async\" src=\"http:\/\/www.szolnokiiparipark.hu\/wp-content\/themes\/twentythirteen\/img\/szolnok\/megvalosult2_1k.jpg\" alt=\"\" border=\"0\" \/><\/a><\/td>\n<\/tr>\n<tr>\n<td align=\"center\"><a href=\"http:\/\/www.szolnokiiparipark.hu\/wp-content\/themes\/twentythirteen\/img\/szolnok\/megvalosult2_2.jpg\" rel=\"lightbox[megvalosult2]\"><img decoding=\"async\" src=\"http:\/\/www.szolnokiiparipark.hu\/wp-content\/themes\/twentythirteen\/img\/szolnok\/megvalosult2_2k.jpg\" alt=\"\" border=\"0\" \/><\/a><\/td>\n<td align=\"center\"><\/td>\n<\/tr>\n<\/tbody>\n<\/table>\n<p>Ansichtspl\u00e4ne des Unternehmerhauses 3:<\/p>\n<table border=\"0\" width=\"100%\" cellspacing=\"0\" cellpadding=\"10\">\n<tbody>\n<tr>\n<td align=\"center\" width=\"50%\"><a href=\"http:\/\/www.szolnokiiparipark.hu\/wp-content\/themes\/twentythirteen\/img\/szolnok\/megvalosult2_6.jpg\" rel=\"lightbox[megvalosult2]\"><img decoding=\"async\" src=\"http:\/\/www.szolnokiiparipark.hu\/wp-content\/themes\/twentythirteen\/img\/szolnok\/megvalosult2_6k.jpg\" alt=\"\" border=\"0\" \/><\/a><\/td>\n<td align=\"center\"><a href=\"http:\/\/www.szolnokiiparipark.hu\/wp-content\/themes\/twentythirteen\/img\/szolnok\/megvalosult2_7.jpg\" rel=\"lightbox[megvalosult2]\"><img decoding=\"async\" src=\"http:\/\/www.szolnokiiparipark.hu\/wp-content\/themes\/twentythirteen\/img\/szolnok\/megvalosult2_7k.jpg\" alt=\"\" border=\"0\" \/><\/a><\/td>\n<\/tr>\n<tr>\n<td align=\"center\"><a href=\"http:\/\/www.szolnokiiparipark.hu\/wp-content\/themes\/twentythirteen\/img\/szolnok\/megvalosult2_8.jpg\" rel=\"lightbox[megvalosult2]\"><img decoding=\"async\" src=\"http:\/\/www.szolnokiiparipark.hu\/wp-content\/themes\/twentythirteen\/img\/szolnok\/megvalosult2_8k.jpg\" alt=\"\" border=\"0\" \/><\/a><\/td>\n<td align=\"center\"><\/td>\n<\/tr>\n<\/tbody>\n<\/table>\n<p>&nbsp;<\/p>\n<hr \/>\n<\/div>\n<p><!--- \u00d6sszecsuk\u00e1s v\u00e9ge--><\/p>\n","protected":false},"excerpt":{"rendered":"<p>Bautakt III \u00c9AOP1.1.1\/A-132013-0005 \u201eEntwicklungsprojekt Unternehmerhaus der Gima Szolnok Ipari Park Kft.\u201d Vorstellung des Projektes: Im Rahmen des Projektes wurden zwei Unternehmerh\u00e4user errichtet und die entsprechenden Erschlie\u00dfungen verrichtet. Das geplante Unternehmerhaus 4 und Unternehmerhaus 5 werden f\u00fcr die sich hier zuk\u00fcnftig niederlassenden Produktions- oder Dienstleistungsunternehmen errichtet. \u00a0 Grundfl\u00e4chen: Geplantes Unternehmerhaus 4:2.408,92 m2 Geplantes Unternehmerhaus 5.:2.166,6 m2 [&hellip;]<\/p>\n","protected":false},"author":1,"featured_media":0,"parent":0,"menu_order":0,"comment_status":"open","ping_status":"open","template":"palyazatifejl_de.php","meta":{"ngg_post_thumbnail":0,"footnotes":""},"class_list":["post-93","page","type-page","status-publish","hentry"],"_links":{"self":[{"href":"https:\/\/www.szolnokiiparipark.hu\/de\/wp-json\/wp\/v2\/pages\/93","targetHints":{"allow":["GET"]}}],"collection":[{"href":"https:\/\/www.szolnokiiparipark.hu\/de\/wp-json\/wp\/v2\/pages"}],"about":[{"href":"https:\/\/www.szolnokiiparipark.hu\/de\/wp-json\/wp\/v2\/types\/page"}],"author":[{"embeddable":true,"href":"https:\/\/www.szolnokiiparipark.hu\/de\/wp-json\/wp\/v2\/users\/1"}],"replies":[{"embeddable":true,"href":"https:\/\/www.szolnokiiparipark.hu\/de\/wp-json\/wp\/v2\/comments?post=93"}],"version-history":[{"count":7,"href":"https:\/\/www.szolnokiiparipark.hu\/de\/wp-json\/wp\/v2\/pages\/93\/revisions"}],"predecessor-version":[{"id":136,"href":"https:\/\/www.szolnokiiparipark.hu\/de\/wp-json\/wp\/v2\/pages\/93\/revisions\/136"}],"wp:attachment":[{"href":"https:\/\/www.szolnokiiparipark.hu\/de\/wp-json\/wp\/v2\/media?parent=93"}],"curies":[{"name":"wp","href":"https:\/\/api.w.org\/{rel}","templated":true}]}}